{"id":23094,"date":"2026-03-05T02:17:55","date_gmt":"2026-03-04T23:17:55","guid":{"rendered":"https:\/\/www.ulucanplastik.com.tr\/dokme-cop-posetleri\/"},"modified":"2026-03-05T04:16:48","modified_gmt":"2026-03-05T01:16:48","slug":"bulk-trash-bags","status":"publish","type":"page","link":"https:\/\/www.ulucanplastik.com.tr\/en\/bulk-trash-bags\/","title":{"rendered":"Bulk Trash Bags"},"content":{"rendered":"\t\t<div data-elementor-type=\"wp-page\" data-elementor-id=\"23094\" class=\"elementor elementor-23094 elementor-23061\" data-elementor-post-type=\"page\">\n\t\t\t\t\t\t<section class=\"elementor-section elementor-top-section elementor-element elementor-element-c9c69bb elementor-section-stretched elementor-section-boxed elementor-section-height-default elementor-section-height-default\" data-id=\"c9c69bb\" data-element_type=\"section\" data-settings=\"{&quot;stretch_section&quot;:&quot;section-stretched&quot;,&quot;background_background&quot;:&quot;classic&quot;}\">\n\t\t\t\t\t\t<div class=\"elementor-container elementor-column-gap-default\">\n\t\t\t\t\t<div class=\"elementor-column elementor-col-33 elementor-top-column elementor-element elementor-element-1ca23e5 elementor-hidden-mobile\" data-id=\"1ca23e5\" data-element_type=\"column\">\n\t\t\t<div class=\"elementor-widget-wrap\">\n\t\t\t\t\t\t\t<\/div>\n\t\t<\/div>\n\t\t\t\t<div class=\"elementor-column elementor-col-33 elementor-top-column elementor-element elementor-element-cdf80af\" data-id=\"cdf80af\" data-element_type=\"column\">\n\t\t\t<div class=\"elementor-widget-wrap elementor-element-populated\">\n\t\t\t\t\t\t<div class=\"elementor-element elementor-element-a23663e elementor-widget elementor-widget-rs-heading\" data-id=\"a23663e\" data-element_type=\"widget\" data-widget_type=\"rs-heading.default\">\n\t\t\t\t<div class=\"elementor-widget-container\">\n\t\t\t\t\t\n        <div class=\"prelements-heading default animate- center\">\n\n\n\n        \t<div class=\"title-inner\">        \t\t      \t\t\n\t            <h1 class=\"title\"><span class=\"watermark\"><\/span>Bulk Trash Bags<\/h1>\t\t\t\t\n\t\t\t\t\t        <\/div>\n\t                <\/div>\n        \t\t\t\t<\/div>\n\t\t\t\t<\/div>\n\t\t\t\t<div class=\"elementor-element elementor-element-25fd99e elementor-widget elementor-widget-rs-breadcrumb\" data-id=\"25fd99e\" data-element_type=\"widget\" data-widget_type=\"rs-breadcrumb.default\">\n\t\t\t\t<div class=\"elementor-widget-container\">\n\t\t\t\t\t                    <div class=\"breadcrumb-area style2\"> \n                <div class=\"breadcrumbs-inner\"> <span property=\"itemListElement\" typeof=\"ListItem\"><a property=\"item\" typeof=\"WebPage\" title=\"Go to Ulucan Plastik Ambalaj | Toptan Plastik Po\u015fet ve \u00c7\u00f6p Torbas\u0131 \u00dcretimi.\" href=\"https:\/\/www.ulucanplastik.com.tr\/en\/\" class=\"home\" aria-current=\"page\"><span property=\"name\">Ana Sayfa<\/span><\/a><meta property=\"position\" content=\"1\"><\/span><\/div>\n            <\/div> \n          \n    \t\t\t\t<\/div>\n\t\t\t\t<\/div>\n\t\t\t\t\t<\/div>\n\t\t<\/div>\n\t\t\t\t<div class=\"elementor-column elementor-col-33 elementor-top-column elementor-element elementor-element-77ab740 elementor-hidden-mobile\" data-id=\"77ab740\" data-element_type=\"column\">\n\t\t\t<div class=\"elementor-widget-wrap\">\n\t\t\t\t\t\t\t<\/div>\n\t\t<\/div>\n\t\t\t\t\t<\/div>\n\t\t<\/section>\n\t\t\t\t<section class=\"elementor-section elementor-top-section elementor-element elementor-element-13c0340 elementor-section-stretched elementor-section-boxed elementor-section-height-default elementor-section-height-default\" data-id=\"13c0340\" data-element_type=\"section\" data-settings=\"{&quot;background_background&quot;:&quot;classic&quot;,&quot;stretch_section&quot;:&quot;section-stretched&quot;}\">\n\t\t\t\t\t\t<div class=\"elementor-container elementor-column-gap-default\">\n\t\t\t\t\t<div class=\"elementor-column elementor-col-100 elementor-top-column elementor-element elementor-element-8f0a407\" data-id=\"8f0a407\" data-element_type=\"column\">\n\t\t\t<div class=\"elementor-widget-wrap elementor-element-populated\">\n\t\t\t\t\t\t<div class=\"elementor-element elementor-element-704f3e5 elementor-widget elementor-widget-text-editor\" data-id=\"704f3e5\" data-element_type=\"widget\" data-widget_type=\"text-editor.default\">\n\t\t\t\t\t\t\t\t\t<p>At Ulucan Plastik, the bulk trash bags we manufacture offer extra resistance against tearing and bursting during the transport of heavy and voluminous waste. Produced with advanced polyethylene technology, our bags provide safe usage across a wide range of sectors\u2014from construction sites and hotels to hospitals and household needs. We don\u2019t just manufacture trash bags; we create sustainable packaging solutions for a cleaner future.<\/p>\t\t\t\t\t\t\t\t<\/div>\n\t\t\t\t\t<\/div>\n\t\t<\/div>\n\t\t\t\t\t<\/div>\n\t\t<\/section>\n\t\t\t\t<section class=\"elementor-section elementor-top-section elementor-element elementor-element-1d98196 elementor-section-stretched elementor-section-boxed elementor-section-height-default elementor-section-height-default elementor-invisible\" data-id=\"1d98196\" data-element_type=\"section\" data-settings=\"{&quot;background_background&quot;:&quot;classic&quot;,&quot;stretch_section&quot;:&quot;section-stretched&quot;,&quot;animation&quot;:&quot;fadeInUp&quot;}\">\n\t\t\t\t\t\t<div class=\"elementor-container elementor-column-gap-default\">\n\t\t\t\t\t<div class=\"elementor-column elementor-col-50 elementor-top-column elementor-element elementor-element-a7a8e28\" data-id=\"a7a8e28\" data-element_type=\"column\">\n\t\t\t<div class=\"elementor-widget-wrap elementor-element-populated\">\n\t\t\t\t\t\t<div class=\"elementor-element elementor-element-6925e14 elementor-widget elementor-widget-ucaddon_image_card_content_box\" data-id=\"6925e14\" data-element_type=\"widget\" data-widget_type=\"ucaddon_image_card_content_box.default\">\n\t\t\t\t<div class=\"elementor-widget-container\">\n\t\t\t\t\t\n<!-- start Image Card -->\n<style>\/* widget: Image Card *\/\n\n#uc_image_card_content_box_elementor_6925e14 *{\n\tbox-sizing: border-box;\n}\n\n#uc_image_card_content_box_elementor_6925e14 {\n\tfont-size:14px;\n\toverflow:hidden;\n\tcolor:#8a8a8a;\n\ttext-align:center;\n\tposition:relative;\n\twidth:100%;\n}\n#uc_image_card_content_box_elementor_6925e14  .uc_classic_content_border{\n\tdisplay:block;\n    margin: 0 auto;\n}\n\n#uc_image_card_content_box_elementor_6925e14 .uc_classic_content_placeholder{\n  overflow:hidden;\n}\n#uc_image_card_content_box_elementor_6925e14 .uc_classic_content_placeholder img{\n\twidth:100%;\n}\n\n#uc_image_card_content_box_elementor_6925e14 .uc_classic_content_content {\n display: flex;\n flex-flow: column nowrap;\n}\n\n\n\n\n.uc_classic_content{\n    box-shadow:rgba(0,0,0,0.10) 0px 5px 20px;\n}\n\n<\/style>\n\n<div class=\"uc_classic_content\" id=\"uc_image_card_content_box_elementor_6925e14\">\n  <span class=\"uc_classic_content_border\"><\/span>\n  <div class=\"uc_classic_content_container_holder\">\n           <div class=\"uc_classic_content_placeholder\">\n          <a href=\"http:\/\/www.ulucanplastik.com.tr\/wp-content\/uploads\/2026\/03\/Dokme-Cop-Poseti-Ulucan-Plastik-Ambalaj-1.jpg\" >            <img decoding=\"async\" src=\"https:\/\/www.ulucanplastik.com.tr\/wp-content\/uploads\/2026\/03\/Dokme-Cop-Poseti-Ulucan-Plastik-Ambalaj-1.jpg\" alt=\"D\u00f6kme \u00c7\u00f6p Po\u015feti, Ulucan Plastik Ambalaj\">\n          <\/a>       <\/div>\n        <div class=\"uc_classic_content_content\">\n                            <\/div>\n  <\/div>\n  <\/div>\n<!-- end Image Card -->\t\t\t\t<\/div>\n\t\t\t\t<\/div>\n\t\t\t\t\t<\/div>\n\t\t<\/div>\n\t\t\t\t<div class=\"elementor-column elementor-col-50 elementor-top-column elementor-element elementor-element-922caa2\" data-id=\"922caa2\" data-element_type=\"column\" data-settings=\"{&quot;background_background&quot;:&quot;classic&quot;}\">\n\t\t\t<div class=\"elementor-widget-wrap elementor-element-populated\">\n\t\t\t\t\t\t<div class=\"elementor-element elementor-element-dc7f426 elementor-widget elementor-widget-heading\" data-id=\"dc7f426\" data-element_type=\"widget\" data-widget_type=\"heading.default\">\n\t\t\t\t\t<h2 class=\"elementor-heading-title elementor-size-default\">Ulucan Plastic Bulk Trash Bags<\/h2>\t\t\t\t<\/div>\n\t\t\t\t<div class=\"elementor-element elementor-element-ad0d12c elementor-widget elementor-widget-text-editor\" data-id=\"ad0d12c\" data-element_type=\"widget\" data-widget_type=\"text-editor.default\">\n\t\t\t\t\t\t\t\t\t<p>From heavy industrial waste to daily essentials, we simplify your operations with our high-capacity bulk trash bags. Durability beyond standards, delivered to your door with the quality of Ulucan Plastik.<\/p><p><strong>\u00d6zellikler<\/strong>:<\/p><p><b data-path-to-node=\"4,2,1,0,0\" data-index-in-node=\"0\">\u2022 Extra Flexible Structure<\/b>: Manufactured with LDPE (Low-Density Polyethylene) technology, providing superior resistance against tears and punctures.<\/p><p><b data-path-to-node=\"4,2,1,1,0\" data-index-in-node=\"0\">\u2022 Leak-Proof Guarantee<\/b>: Thanks to the specialized bottom-seal structure, it prevents leakage of liquid waste and maintains hygiene.<\/p><p><b data-path-to-node=\"4,2,1,2,0\" data-index-in-node=\"0\">\u2022 High Load Capacity<\/b>: Thickness options optimized for heavy and sharp-edged waste materials.<\/p><p><b data-path-to-node=\"4,2,1,2,0\" data-index-in-node=\"0\">\u2022 Economic and Practical<\/b>: The bulk format provides both storage convenience and a significant cost advantage.<\/p>\t\t\t\t\t\t\t\t<\/div>\n\t\t\t\t<div class=\"elementor-element elementor-element-129a8f8 elementor-widget elementor-widget-button\" data-id=\"129a8f8\" data-element_type=\"widget\" data-widget_type=\"button.default\">\n\t\t\t\t\t\t\t\t\t\t<a class=\"elementor-button elementor-button-link elementor-size-sm\" href=\"https:\/\/www.ulucanplastik.com.tr\/en\/contact-us\/\">\n\t\t\t\t\t\t<span class=\"elementor-button-content-wrapper\">\n\t\t\t\t\t\t\t\t\t<span class=\"elementor-button-text\">CONTACT US<\/span>\n\t\t\t\t\t<\/span>\n\t\t\t\t\t<\/a>\n\t\t\t\t\t\t\t\t<\/div>\n\t\t\t\t\t<\/div>\n\t\t<\/div>\n\t\t\t\t\t<\/div>\n\t\t<\/section>\n\t\t\t\t<\/div>\n\t\t","protected":false},"excerpt":{"rendered":"<p>Bulk Trash Bags Ana Sayfa At Ulucan Plastik, the bulk trash bags we manufacture offer extra resistance against tearing and bursting during the transport of heavy and voluminous waste. Produced with advanced polyethylene technology, our bags provide safe usage across a wide range of sectors\u2014from construction sites and hotels to hospitals and household needs. We&#8230;<\/p>\n","protected":false},"author":1,"featured_media":0,"parent":0,"menu_order":0,"comment_status":"closed","ping_status":"closed","template":"","meta":{"footnotes":""},"class_list":["post-23094","page","type-page","status-publish","hentry"],"yoast_head":"<!-- This site is optimized with the Yoast SEO Premium plugin v26.6 (Yoast SEO v26.6) - https:\/\/yoast.com\/wordpress\/plugins\/seo\/ -->\n<title>Bulk Trash Bags - Ulucan Plastik Ambalaj | Toptan Plastik Po\u015fet ve \u00c7\u00f6p Torbas\u0131 \u00dcretimi<\/title>\n<meta name=\"robots\" content=\"index, follow, max-snippet:-1, max-image-preview:large, max-video-preview:-1\" \/>\n<link rel=\"canonical\" href=\"https:\/\/www.ulucanplastik.com.tr\/en\/bulk-trash-bags\/\" \/>\n<meta property=\"og:locale\" content=\"en_US\" \/>\n<meta property=\"og:type\" content=\"article\" \/>\n<meta property=\"og:title\" content=\"Bulk Trash Bags\" \/>\n<meta property=\"og:description\" content=\"Bulk Trash Bags Ana Sayfa At Ulucan Plastik, the bulk trash bags we manufacture offer extra resistance against tearing and bursting during the transport of heavy and voluminous waste. Produced with advanced polyethylene technology, our bags provide safe usage across a wide range of sectors\u2014from construction sites and hotels to hospitals and household needs. We...\" \/>\n<meta property=\"og:url\" content=\"https:\/\/www.ulucanplastik.com.tr\/en\/bulk-trash-bags\/\" \/>\n<meta property=\"og:site_name\" content=\"Ulucan Plastik Ambalaj | Toptan Plastik Po\u015fet ve \u00c7\u00f6p Torbas\u0131 \u00dcretimi\" \/>\n<meta property=\"article:modified_time\" content=\"2026-03-05T01:16:48+00:00\" \/>\n<meta property=\"og:image\" content=\"http:\/\/www.ulucanplastik.com.tr\/wp-content\/uploads\/2026\/03\/Dokme-Cop-Poseti-Ulucan-Plastik-Ambalaj-1.jpg\" \/>\n<meta name=\"twitter:card\" content=\"summary_large_image\" \/>\n<meta name=\"twitter:label1\" content=\"Est. reading time\" \/>\n\t<meta name=\"twitter:data1\" content=\"1 minute\" \/>\n<script type=\"application\/ld+json\" class=\"yoast-schema-graph\">{\"@context\":\"https:\/\/schema.org\",\"@graph\":[{\"@type\":\"WebPage\",\"@id\":\"https:\/\/www.ulucanplastik.com.tr\/en\/bulk-trash-bags\/\",\"url\":\"https:\/\/www.ulucanplastik.com.tr\/en\/bulk-trash-bags\/\",\"name\":\"Bulk Trash Bags - Ulucan Plastik Ambalaj | Toptan Plastik Po\u015fet ve \u00c7\u00f6p Torbas\u0131 \u00dcretimi\",\"isPartOf\":{\"@id\":\"https:\/\/www.ulucanplastik.com.tr\/en\/#website\"},\"primaryImageOfPage\":{\"@id\":\"https:\/\/www.ulucanplastik.com.tr\/en\/bulk-trash-bags\/#primaryimage\"},\"image\":{\"@id\":\"https:\/\/www.ulucanplastik.com.tr\/en\/bulk-trash-bags\/#primaryimage\"},\"thumbnailUrl\":\"http:\/\/www.ulucanplastik.com.tr\/wp-content\/uploads\/2026\/03\/Dokme-Cop-Poseti-Ulucan-Plastik-Ambalaj-1.jpg\",\"datePublished\":\"2026-03-04T23:17:55+00:00\",\"dateModified\":\"2026-03-05T01:16:48+00:00\",\"breadcrumb\":{\"@id\":\"https:\/\/www.ulucanplastik.com.tr\/en\/bulk-trash-bags\/#breadcrumb\"},\"inLanguage\":\"en-US\",\"potentialAction\":[{\"@type\":\"ReadAction\",\"target\":[\"https:\/\/www.ulucanplastik.com.tr\/en\/bulk-trash-bags\/\"]}]},{\"@type\":\"ImageObject\",\"inLanguage\":\"en-US\",\"@id\":\"https:\/\/www.ulucanplastik.com.tr\/en\/bulk-trash-bags\/#primaryimage\",\"url\":\"http:\/\/www.ulucanplastik.com.tr\/wp-content\/uploads\/2026\/03\/Dokme-Cop-Poseti-Ulucan-Plastik-Ambalaj-1.jpg\",\"contentUrl\":\"http:\/\/www.ulucanplastik.com.tr\/wp-content\/uploads\/2026\/03\/Dokme-Cop-Poseti-Ulucan-Plastik-Ambalaj-1.jpg\"},{\"@type\":\"BreadcrumbList\",\"@id\":\"https:\/\/www.ulucanplastik.com.tr\/en\/bulk-trash-bags\/#breadcrumb\",\"itemListElement\":[{\"@type\":\"ListItem\",\"position\":1,\"name\":\"Home\",\"item\":\"http:\/\/www.ulucanplastik.com.tr\/en\/\"},{\"@type\":\"ListItem\",\"position\":2,\"name\":\"Bulk Trash Bags\"}]},{\"@type\":\"WebSite\",\"@id\":\"https:\/\/www.ulucanplastik.com.tr\/en\/#website\",\"url\":\"https:\/\/www.ulucanplastik.com.tr\/en\/\",\"name\":\"Ulucan Plastik Ambalaj | Toptan Plastik Po\u015fet ve \u00c7\u00f6p Torbas\u0131 \u00dcretimi\",\"description\":\"\",\"potentialAction\":[{\"@type\":\"SearchAction\",\"target\":{\"@type\":\"EntryPoint\",\"urlTemplate\":\"https:\/\/www.ulucanplastik.com.tr\/en\/?s={search_term_string}\"},\"query-input\":{\"@type\":\"PropertyValueSpecification\",\"valueRequired\":true,\"valueName\":\"search_term_string\"}}],\"inLanguage\":\"en-US\"}]}<\/script>\n<!-- \/ Yoast SEO Premium plugin. -->","yoast_head_json":{"title":"Bulk Trash Bags - Ulucan Plastik Ambalaj | Toptan Plastik Po\u015fet ve \u00c7\u00f6p Torbas\u0131 \u00dcretimi","robots":{"index":"index","follow":"follow","max-snippet":"max-snippet:-1","max-image-preview":"max-image-preview:large","max-video-preview":"max-video-preview:-1"},"canonical":"https:\/\/www.ulucanplastik.com.tr\/en\/bulk-trash-bags\/","og_locale":"en_US","og_type":"article","og_title":"Bulk Trash Bags","og_description":"Bulk Trash Bags Ana Sayfa At Ulucan Plastik, the bulk trash bags we manufacture offer extra resistance against tearing and bursting during the transport of heavy and voluminous waste. Produced with advanced polyethylene technology, our bags provide safe usage across a wide range of sectors\u2014from construction sites and hotels to hospitals and household needs. We...","og_url":"https:\/\/www.ulucanplastik.com.tr\/en\/bulk-trash-bags\/","og_site_name":"Ulucan Plastik Ambalaj | Toptan Plastik Po\u015fet ve \u00c7\u00f6p Torbas\u0131 \u00dcretimi","article_modified_time":"2026-03-05T01:16:48+00:00","og_image":[{"url":"http:\/\/www.ulucanplastik.com.tr\/wp-content\/uploads\/2026\/03\/Dokme-Cop-Poseti-Ulucan-Plastik-Ambalaj-1.jpg","type":"","width":"","height":""}],"twitter_card":"summary_large_image","twitter_misc":{"Est. reading time":"1 minute"},"schema":{"@context":"https:\/\/schema.org","@graph":[{"@type":"WebPage","@id":"https:\/\/www.ulucanplastik.com.tr\/en\/bulk-trash-bags\/","url":"https:\/\/www.ulucanplastik.com.tr\/en\/bulk-trash-bags\/","name":"Bulk Trash Bags - Ulucan Plastik Ambalaj | Toptan Plastik Po\u015fet ve \u00c7\u00f6p Torbas\u0131 \u00dcretimi","isPartOf":{"@id":"https:\/\/www.ulucanplastik.com.tr\/en\/#website"},"primaryImageOfPage":{"@id":"https:\/\/www.ulucanplastik.com.tr\/en\/bulk-trash-bags\/#primaryimage"},"image":{"@id":"https:\/\/www.ulucanplastik.com.tr\/en\/bulk-trash-bags\/#primaryimage"},"thumbnailUrl":"http:\/\/www.ulucanplastik.com.tr\/wp-content\/uploads\/2026\/03\/Dokme-Cop-Poseti-Ulucan-Plastik-Ambalaj-1.jpg","datePublished":"2026-03-04T23:17:55+00:00","dateModified":"2026-03-05T01:16:48+00:00","breadcrumb":{"@id":"https:\/\/www.ulucanplastik.com.tr\/en\/bulk-trash-bags\/#breadcrumb"},"inLanguage":"en-US","potentialAction":[{"@type":"ReadAction","target":["https:\/\/www.ulucanplastik.com.tr\/en\/bulk-trash-bags\/"]}]},{"@type":"ImageObject","inLanguage":"en-US","@id":"https:\/\/www.ulucanplastik.com.tr\/en\/bulk-trash-bags\/#primaryimage","url":"http:\/\/www.ulucanplastik.com.tr\/wp-content\/uploads\/2026\/03\/Dokme-Cop-Poseti-Ulucan-Plastik-Ambalaj-1.jpg","contentUrl":"http:\/\/www.ulucanplastik.com.tr\/wp-content\/uploads\/2026\/03\/Dokme-Cop-Poseti-Ulucan-Plastik-Ambalaj-1.jpg"},{"@type":"BreadcrumbList","@id":"https:\/\/www.ulucanplastik.com.tr\/en\/bulk-trash-bags\/#breadcrumb","itemListElement":[{"@type":"ListItem","position":1,"name":"Home","item":"http:\/\/www.ulucanplastik.com.tr\/en\/"},{"@type":"ListItem","position":2,"name":"Bulk Trash Bags"}]},{"@type":"WebSite","@id":"https:\/\/www.ulucanplastik.com.tr\/en\/#website","url":"https:\/\/www.ulucanplastik.com.tr\/en\/","name":"Ulucan Plastik Ambalaj | Toptan Plastik Po\u015fet ve \u00c7\u00f6p Torbas\u0131 \u00dcretimi","description":"","potentialAction":[{"@type":"SearchAction","target":{"@type":"EntryPoint","urlTemplate":"https:\/\/www.ulucanplastik.com.tr\/en\/?s={search_term_string}"},"query-input":{"@type":"PropertyValueSpecification","valueRequired":true,"valueName":"search_term_string"}}],"inLanguage":"en-US"}]}},"_links":{"self":[{"href":"https:\/\/www.ulucanplastik.com.tr\/en\/wp-json\/wp\/v2\/pages\/23094","targetHints":{"allow":["GET"]}}],"collection":[{"href":"https:\/\/www.ulucanplastik.com.tr\/en\/wp-json\/wp\/v2\/pages"}],"about":[{"href":"https:\/\/www.ulucanplastik.com.tr\/en\/wp-json\/wp\/v2\/types\/page"}],"author":[{"embeddable":true,"href":"https:\/\/www.ulucanplastik.com.tr\/en\/wp-json\/wp\/v2\/users\/1"}],"replies":[{"embeddable":true,"href":"https:\/\/www.ulucanplastik.com.tr\/en\/wp-json\/wp\/v2\/comments?post=23094"}],"version-history":[{"count":10,"href":"https:\/\/www.ulucanplastik.com.tr\/en\/wp-json\/wp\/v2\/pages\/23094\/revisions"}],"predecessor-version":[{"id":23118,"href":"https:\/\/www.ulucanplastik.com.tr\/en\/wp-json\/wp\/v2\/pages\/23094\/revisions\/23118"}],"wp:attachment":[{"href":"https:\/\/www.ulucanplastik.com.tr\/en\/wp-json\/wp\/v2\/media?parent=23094"}],"curies":[{"name":"wp","href":"https:\/\/api.w.org\/{rel}","templated":true}]}}