{"id":22696,"date":"2026-01-16T17:30:53","date_gmt":"2026-01-16T14:30:53","guid":{"rendered":"https:\/\/www.ulucanplastik.com.tr\/kalite-politikamiz\/"},"modified":"2026-03-03T23:10:57","modified_gmt":"2026-03-03T20:10:57","slug":"quality-policy","status":"publish","type":"page","link":"https:\/\/www.ulucanplastik.com.tr\/en\/quality-policy\/","title":{"rendered":"Quality Policy"},"content":{"rendered":"\t\t<div data-elementor-type=\"wp-page\" data-elementor-id=\"22696\" class=\"elementor elementor-22696 elementor-20531\" data-elementor-post-type=\"page\">\n\t\t\t\t\t\t<section class=\"elementor-section elementor-top-section elementor-element elementor-element-c9c69bb elementor-section-stretched elementor-section-boxed elementor-section-height-default elementor-section-height-default\" data-id=\"c9c69bb\" data-element_type=\"section\" data-settings=\"{&quot;stretch_section&quot;:&quot;section-stretched&quot;,&quot;background_background&quot;:&quot;classic&quot;}\">\n\t\t\t\t\t\t<div class=\"elementor-container elementor-column-gap-default\">\n\t\t\t\t\t<div class=\"elementor-column elementor-col-33 elementor-top-column elementor-element elementor-element-1ca23e5 elementor-hidden-mobile\" data-id=\"1ca23e5\" data-element_type=\"column\">\n\t\t\t<div class=\"elementor-widget-wrap\">\n\t\t\t\t\t\t\t<\/div>\n\t\t<\/div>\n\t\t\t\t<div class=\"elementor-column elementor-col-33 elementor-top-column elementor-element elementor-element-cdf80af\" data-id=\"cdf80af\" data-element_type=\"column\">\n\t\t\t<div class=\"elementor-widget-wrap elementor-element-populated\">\n\t\t\t\t\t\t<div class=\"elementor-element elementor-element-a23663e elementor-widget elementor-widget-rs-heading\" data-id=\"a23663e\" data-element_type=\"widget\" data-widget_type=\"rs-heading.default\">\n\t\t\t\t<div class=\"elementor-widget-container\">\n\t\t\t\t\t\n        <div class=\"prelements-heading default animate- center\">\n\n\n\n        \t<div class=\"title-inner\">        \t\t      \t\t\n\t            <h1 class=\"title\"><span class=\"watermark\"><\/span>Quality Policy<\/h1>\t\t\t\t\n\t\t\t\t\t        <\/div>\n\t                <\/div>\n        \t\t\t\t<\/div>\n\t\t\t\t<\/div>\n\t\t\t\t<div class=\"elementor-element elementor-element-25fd99e elementor-widget elementor-widget-rs-breadcrumb\" data-id=\"25fd99e\" data-element_type=\"widget\" data-widget_type=\"rs-breadcrumb.default\">\n\t\t\t\t<div class=\"elementor-widget-container\">\n\t\t\t\t\t                    <div class=\"breadcrumb-area style2\"> \n                <div class=\"breadcrumbs-inner\"> <span property=\"itemListElement\" typeof=\"ListItem\"><a property=\"item\" typeof=\"WebPage\" title=\"Go to Ulucan Plastik Ambalaj | Toptan Plastik Po\u015fet ve \u00c7\u00f6p Torbas\u0131 \u00dcretimi.\" href=\"https:\/\/www.ulucanplastik.com.tr\/en\/\" class=\"home\" aria-current=\"page\"><span property=\"name\">Ana Sayfa<\/span><\/a><meta property=\"position\" content=\"1\"><\/span><\/div>\n            <\/div> \n          \n    \t\t\t\t<\/div>\n\t\t\t\t<\/div>\n\t\t\t\t\t<\/div>\n\t\t<\/div>\n\t\t\t\t<div class=\"elementor-column elementor-col-33 elementor-top-column elementor-element elementor-element-77ab740 elementor-hidden-mobile\" data-id=\"77ab740\" data-element_type=\"column\">\n\t\t\t<div class=\"elementor-widget-wrap\">\n\t\t\t\t\t\t\t<\/div>\n\t\t<\/div>\n\t\t\t\t\t<\/div>\n\t\t<\/section>\n\t\t\t\t<section class=\"elementor-section elementor-top-section elementor-element elementor-element-f357f59 elementor-section-stretched elementor-section-boxed elementor-section-height-default elementor-section-height-default\" data-id=\"f357f59\" data-element_type=\"section\" data-settings=\"{&quot;stretch_section&quot;:&quot;section-stretched&quot;,&quot;background_background&quot;:&quot;classic&quot;}\">\n\t\t\t\t\t\t<div class=\"elementor-container elementor-column-gap-default\">\n\t\t\t\t\t<div class=\"elementor-column elementor-col-100 elementor-top-column elementor-element elementor-element-44401fd\" data-id=\"44401fd\" data-element_type=\"column\">\n\t\t\t<div class=\"elementor-widget-wrap elementor-element-populated\">\n\t\t\t\t\t\t<div class=\"elementor-element elementor-element-1672de7 elementor-widget elementor-widget-heading\" data-id=\"1672de7\" data-element_type=\"widget\" data-widget_type=\"heading.default\">\n\t\t\t\t\t<h2 class=\"elementor-heading-title elementor-size-default\">Quality Policy<\/h2>\t\t\t\t<\/div>\n\t\t\t\t<div class=\"elementor-element elementor-element-9174577 elementor-widget-divider--view-line elementor-widget elementor-widget-divider\" data-id=\"9174577\" data-element_type=\"widget\" data-widget_type=\"divider.default\">\n\t\t\t\t\t\t\t<div class=\"elementor-divider\">\n\t\t\t<span class=\"elementor-divider-separator\">\n\t\t\t\t\t\t<\/span>\n\t\t<\/div>\n\t\t\t\t\t\t<\/div>\n\t\t\t\t<div class=\"elementor-element elementor-element-007058c elementor-widget elementor-widget-text-editor\" data-id=\"007058c\" data-element_type=\"widget\" data-widget_type=\"text-editor.default\">\n\t\t\t\t\t\t\t\t\t<p>As <b data-path-to-node=\"3\" data-index-in-node=\"3\">Ulucan Plastik ve Plastik Ambalaj San. Tic. Ltd. \u015eti.<\/b>, our Quality Policy, adopted to maintain our production strength and sectoral prestige, consists of the following principles:<\/p>\t\t\t\t\t\t\t\t<\/div>\n\t\t\t\t<div class=\"elementor-element elementor-element-6e92b7f elementor-widget elementor-widget-text-editor\" data-id=\"6e92b7f\" data-element_type=\"widget\" data-widget_type=\"text-editor.default\">\n\t\t\t\t\t\t\t\t\t<ul><li><p data-path-to-node=\"4,0,0\"><b data-path-to-node=\"4,0,0\" data-index-in-node=\"0\">Continuous Improvement:<\/b> To increase our production efficiency every day by combining our experience since 1992 with modern bag-cutting machinery and technological investments.<\/p><\/li><li><p data-path-to-node=\"4,1,0\"><b data-path-to-node=\"4,1,0\" data-index-in-node=\"0\">Zero Defect Goal:<\/b> To provide flawless products by operating a meticulous control mechanism in all processes from raw material to shipment in our facilities with a total area of 4,500 m\u00b2 in Adana.<\/p><\/li><li><p data-path-to-node=\"4,2,0\"><b data-path-to-node=\"4,2,0\" data-index-in-node=\"0\">International Standards:<\/b> To integrate our production capacity and product quality with global packaging standards (in accordance with ISO and HACCP principles).<\/p><\/li><li><p data-path-to-node=\"4,3,0\"><b data-path-to-node=\"4,3,0\" data-index-in-node=\"0\">Customer Orientation:<\/b> With our monthly production capacity of 300 tons, to deliver products in different sizes and thicknesses requested by our customers (from J-250 to J-650) just in time.<\/p><\/li><li><p data-path-to-node=\"4,4,0\"><b data-path-to-node=\"4,4,0\" data-index-in-node=\"0\">Sustainability:<\/b> To produce environmentally sensitive and recyclable packaging by ensuring full compliance with environmental regulations in our 1,500 m\u00b2 recycling plant.<\/p><\/li><li><p data-path-to-node=\"4,5,0\"><b data-path-to-node=\"4,5,0\" data-index-in-node=\"0\">Qualified Workforce:<\/b> To maintain occupational safety and quality awareness at the highest level by supporting the competencies of our expert staff, who closely follow sectoral developments, through continuous training.<\/p><\/li><\/ul>\t\t\t\t\t\t\t\t<\/div>\n\t\t\t\t\t<\/div>\n\t\t<\/div>\n\t\t\t\t\t<\/div>\n\t\t<\/section>\n\t\t\t\t<\/div>\n\t\t","protected":false},"excerpt":{"rendered":"<p>Quality Policy Ana Sayfa Quality Policy As Ulucan Plastik ve Plastik Ambalaj San. Tic. Ltd. \u015eti., our Quality Policy, adopted to maintain our production strength and sectoral prestige, consists of the following principles: Continuous Improvement: To increase our production efficiency every day by combining our experience since 1992 with modern bag-cutting machinery and technological investments&#8230;.<\/p>\n","protected":false},"author":1,"featured_media":0,"parent":0,"menu_order":0,"comment_status":"closed","ping_status":"closed","template":"","meta":{"footnotes":""},"class_list":["post-22696","page","type-page","status-publish","hentry"],"yoast_head":"<!-- This site is optimized with the Yoast SEO Premium plugin v26.6 (Yoast SEO v26.6) - https:\/\/yoast.com\/wordpress\/plugins\/seo\/ -->\n<title>Quality Policy - Ulucan Plastik Ambalaj | Toptan Plastik Po\u015fet ve \u00c7\u00f6p Torbas\u0131 \u00dcretimi<\/title>\n<meta name=\"robots\" content=\"index, follow, max-snippet:-1, max-image-preview:large, max-video-preview:-1\" \/>\n<link rel=\"canonical\" href=\"https:\/\/www.ulucanplastik.com.tr\/en\/quality-policy\/\" \/>\n<meta property=\"og:locale\" content=\"en_US\" \/>\n<meta property=\"og:type\" content=\"article\" \/>\n<meta property=\"og:title\" content=\"Quality Policy\" \/>\n<meta property=\"og:description\" content=\"Quality Policy Ana Sayfa Quality Policy As Ulucan Plastik ve Plastik Ambalaj San. Tic. Ltd. \u015eti., our Quality Policy, adopted to maintain our production strength and sectoral prestige, consists of the following principles: Continuous Improvement: To increase our production efficiency every day by combining our experience since 1992 with modern bag-cutting machinery and technological investments....\" \/>\n<meta property=\"og:url\" content=\"https:\/\/www.ulucanplastik.com.tr\/en\/quality-policy\/\" \/>\n<meta property=\"og:site_name\" content=\"Ulucan Plastik Ambalaj | Toptan Plastik Po\u015fet ve \u00c7\u00f6p Torbas\u0131 \u00dcretimi\" \/>\n<meta property=\"article:modified_time\" content=\"2026-03-03T20:10:57+00:00\" \/>\n<meta name=\"twitter:card\" content=\"summary_large_image\" \/>\n<meta name=\"twitter:label1\" content=\"Est. reading time\" \/>\n\t<meta name=\"twitter:data1\" content=\"1 minute\" \/>\n<script type=\"application\/ld+json\" class=\"yoast-schema-graph\">{\"@context\":\"https:\/\/schema.org\",\"@graph\":[{\"@type\":\"WebPage\",\"@id\":\"https:\/\/www.ulucanplastik.com.tr\/en\/quality-policy\/\",\"url\":\"https:\/\/www.ulucanplastik.com.tr\/en\/quality-policy\/\",\"name\":\"Quality Policy - Ulucan Plastik Ambalaj | Toptan Plastik Po\u015fet ve \u00c7\u00f6p Torbas\u0131 \u00dcretimi\",\"isPartOf\":{\"@id\":\"http:\/\/www.ulucanplastik.com.tr\/en\/#website\"},\"datePublished\":\"2026-01-16T14:30:53+00:00\",\"dateModified\":\"2026-03-03T20:10:57+00:00\",\"breadcrumb\":{\"@id\":\"https:\/\/www.ulucanplastik.com.tr\/en\/quality-policy\/#breadcrumb\"},\"inLanguage\":\"en-US\",\"potentialAction\":[{\"@type\":\"ReadAction\",\"target\":[\"https:\/\/www.ulucanplastik.com.tr\/en\/quality-policy\/\"]}]},{\"@type\":\"BreadcrumbList\",\"@id\":\"https:\/\/www.ulucanplastik.com.tr\/en\/quality-policy\/#breadcrumb\",\"itemListElement\":[{\"@type\":\"ListItem\",\"position\":1,\"name\":\"Home\",\"item\":\"https:\/\/www.ulucanplastik.com.tr\/en\/\"},{\"@type\":\"ListItem\",\"position\":2,\"name\":\"Quality Policy\"}]},{\"@type\":\"WebSite\",\"@id\":\"http:\/\/www.ulucanplastik.com.tr\/en\/#website\",\"url\":\"http:\/\/www.ulucanplastik.com.tr\/en\/\",\"name\":\"Ulucan Plastik Ambalaj | Toptan Plastik Po\u015fet ve \u00c7\u00f6p Torbas\u0131 \u00dcretimi\",\"description\":\"\",\"potentialAction\":[{\"@type\":\"SearchAction\",\"target\":{\"@type\":\"EntryPoint\",\"urlTemplate\":\"http:\/\/www.ulucanplastik.com.tr\/en\/?s={search_term_string}\"},\"query-input\":{\"@type\":\"PropertyValueSpecification\",\"valueRequired\":true,\"valueName\":\"search_term_string\"}}],\"inLanguage\":\"en-US\"}]}<\/script>\n<!-- \/ Yoast SEO Premium plugin. -->","yoast_head_json":{"title":"Quality Policy - Ulucan Plastik Ambalaj | Toptan Plastik Po\u015fet ve \u00c7\u00f6p Torbas\u0131 \u00dcretimi","robots":{"index":"index","follow":"follow","max-snippet":"max-snippet:-1","max-image-preview":"max-image-preview:large","max-video-preview":"max-video-preview:-1"},"canonical":"https:\/\/www.ulucanplastik.com.tr\/en\/quality-policy\/","og_locale":"en_US","og_type":"article","og_title":"Quality Policy","og_description":"Quality Policy Ana Sayfa Quality Policy As Ulucan Plastik ve Plastik Ambalaj San. Tic. Ltd. \u015eti., our Quality Policy, adopted to maintain our production strength and sectoral prestige, consists of the following principles: Continuous Improvement: To increase our production efficiency every day by combining our experience since 1992 with modern bag-cutting machinery and technological investments....","og_url":"https:\/\/www.ulucanplastik.com.tr\/en\/quality-policy\/","og_site_name":"Ulucan Plastik Ambalaj | Toptan Plastik Po\u015fet ve \u00c7\u00f6p Torbas\u0131 \u00dcretimi","article_modified_time":"2026-03-03T20:10:57+00:00","twitter_card":"summary_large_image","twitter_misc":{"Est. reading time":"1 minute"},"schema":{"@context":"https:\/\/schema.org","@graph":[{"@type":"WebPage","@id":"https:\/\/www.ulucanplastik.com.tr\/en\/quality-policy\/","url":"https:\/\/www.ulucanplastik.com.tr\/en\/quality-policy\/","name":"Quality Policy - Ulucan Plastik Ambalaj | Toptan Plastik Po\u015fet ve \u00c7\u00f6p Torbas\u0131 \u00dcretimi","isPartOf":{"@id":"http:\/\/www.ulucanplastik.com.tr\/en\/#website"},"datePublished":"2026-01-16T14:30:53+00:00","dateModified":"2026-03-03T20:10:57+00:00","breadcrumb":{"@id":"https:\/\/www.ulucanplastik.com.tr\/en\/quality-policy\/#breadcrumb"},"inLanguage":"en-US","potentialAction":[{"@type":"ReadAction","target":["https:\/\/www.ulucanplastik.com.tr\/en\/quality-policy\/"]}]},{"@type":"BreadcrumbList","@id":"https:\/\/www.ulucanplastik.com.tr\/en\/quality-policy\/#breadcrumb","itemListElement":[{"@type":"ListItem","position":1,"name":"Home","item":"https:\/\/www.ulucanplastik.com.tr\/en\/"},{"@type":"ListItem","position":2,"name":"Quality Policy"}]},{"@type":"WebSite","@id":"http:\/\/www.ulucanplastik.com.tr\/en\/#website","url":"http:\/\/www.ulucanplastik.com.tr\/en\/","name":"Ulucan Plastik Ambalaj | Toptan Plastik Po\u015fet ve \u00c7\u00f6p Torbas\u0131 \u00dcretimi","description":"","potentialAction":[{"@type":"SearchAction","target":{"@type":"EntryPoint","urlTemplate":"http:\/\/www.ulucanplastik.com.tr\/en\/?s={search_term_string}"},"query-input":{"@type":"PropertyValueSpecification","valueRequired":true,"valueName":"search_term_string"}}],"inLanguage":"en-US"}]}},"_links":{"self":[{"href":"https:\/\/www.ulucanplastik.com.tr\/en\/wp-json\/wp\/v2\/pages\/22696","targetHints":{"allow":["GET"]}}],"collection":[{"href":"https:\/\/www.ulucanplastik.com.tr\/en\/wp-json\/wp\/v2\/pages"}],"about":[{"href":"https:\/\/www.ulucanplastik.com.tr\/en\/wp-json\/wp\/v2\/types\/page"}],"author":[{"embeddable":true,"href":"https:\/\/www.ulucanplastik.com.tr\/en\/wp-json\/wp\/v2\/users\/1"}],"replies":[{"embeddable":true,"href":"https:\/\/www.ulucanplastik.com.tr\/en\/wp-json\/wp\/v2\/comments?post=22696"}],"version-history":[{"count":7,"href":"https:\/\/www.ulucanplastik.com.tr\/en\/wp-json\/wp\/v2\/pages\/22696\/revisions"}],"predecessor-version":[{"id":22704,"href":"https:\/\/www.ulucanplastik.com.tr\/en\/wp-json\/wp\/v2\/pages\/22696\/revisions\/22704"}],"wp:attachment":[{"href":"https:\/\/www.ulucanplastik.com.tr\/en\/wp-json\/wp\/v2\/media?parent=22696"}],"curies":[{"name":"wp","href":"https:\/\/api.w.org\/{rel}","templated":true}]}}