{"id":22681,"date":"2026-01-16T16:06:31","date_gmt":"2026-01-16T13:06:31","guid":{"rendered":"https:\/\/www.ulucanplastik.com.tr\/misyon-vizyon\/"},"modified":"2026-03-03T23:06:45","modified_gmt":"2026-03-03T20:06:45","slug":"mission-vision","status":"publish","type":"page","link":"https:\/\/www.ulucanplastik.com.tr\/en\/mission-vision\/","title":{"rendered":"Mission-Vision"},"content":{"rendered":"\t\t<div data-elementor-type=\"wp-page\" data-elementor-id=\"22681\" class=\"elementor elementor-22681 elementor-20462\" data-elementor-post-type=\"page\">\n\t\t\t\t\t\t<section class=\"elementor-section elementor-top-section elementor-element elementor-element-86b9cc8 elementor-section-stretched elementor-section-boxed elementor-section-height-default elementor-section-height-default\" data-id=\"86b9cc8\" data-element_type=\"section\" data-settings=\"{&quot;stretch_section&quot;:&quot;section-stretched&quot;,&quot;background_background&quot;:&quot;classic&quot;}\">\n\t\t\t\t\t\t<div class=\"elementor-container elementor-column-gap-default\">\n\t\t\t\t\t<div class=\"elementor-column elementor-col-33 elementor-top-column elementor-element elementor-element-8fce11f elementor-hidden-mobile\" data-id=\"8fce11f\" data-element_type=\"column\">\n\t\t\t<div class=\"elementor-widget-wrap\">\n\t\t\t\t\t\t\t<\/div>\n\t\t<\/div>\n\t\t\t\t<div class=\"elementor-column elementor-col-33 elementor-top-column elementor-element elementor-element-94ae092\" data-id=\"94ae092\" data-element_type=\"column\">\n\t\t\t<div class=\"elementor-widget-wrap elementor-element-populated\">\n\t\t\t\t\t\t<div class=\"elementor-element elementor-element-9381831 elementor-widget elementor-widget-rs-heading\" data-id=\"9381831\" data-element_type=\"widget\" data-widget_type=\"rs-heading.default\">\n\t\t\t\t<div class=\"elementor-widget-container\">\n\t\t\t\t\t\n        <div class=\"prelements-heading default animate- center\">\n\n\n\n        \t<div class=\"title-inner\">        \t\t      \t\t\n\t            <h1 class=\"title\"><span class=\"watermark\"><\/span>Mission \/ Vision<\/h1>\t\t\t\t\n\t\t\t\t\t        <\/div>\n\t                <\/div>\n        \t\t\t\t<\/div>\n\t\t\t\t<\/div>\n\t\t\t\t<div class=\"elementor-element elementor-element-a0a604b elementor-widget elementor-widget-rs-breadcrumb\" data-id=\"a0a604b\" data-element_type=\"widget\" data-widget_type=\"rs-breadcrumb.default\">\n\t\t\t\t<div class=\"elementor-widget-container\">\n\t\t\t\t\t                    <div class=\"breadcrumb-area style2\"> \n                <div class=\"breadcrumbs-inner\"> <span property=\"itemListElement\" typeof=\"ListItem\"><a property=\"item\" typeof=\"WebPage\" title=\"Go to Ulucan Plastik Ambalaj | Toptan Plastik Po\u015fet ve \u00c7\u00f6p Torbas\u0131 \u00dcretimi.\" href=\"https:\/\/www.ulucanplastik.com.tr\/en\/\" class=\"home\" aria-current=\"page\"><span property=\"name\">Ana Sayfa<\/span><\/a><meta property=\"position\" content=\"1\"><\/span><\/div>\n            <\/div> \n          \n    \t\t\t\t<\/div>\n\t\t\t\t<\/div>\n\t\t\t\t\t<\/div>\n\t\t<\/div>\n\t\t\t\t<div class=\"elementor-column elementor-col-33 elementor-top-column elementor-element elementor-element-a67e60c elementor-hidden-mobile\" data-id=\"a67e60c\" data-element_type=\"column\">\n\t\t\t<div class=\"elementor-widget-wrap\">\n\t\t\t\t\t\t\t<\/div>\n\t\t<\/div>\n\t\t\t\t\t<\/div>\n\t\t<\/section>\n\t\t\t\t<section class=\"elementor-section elementor-top-section elementor-element elementor-element-49dd59f elementor-section-stretched elementor-section-boxed elementor-section-height-default elementor-section-height-default\" data-id=\"49dd59f\" data-element_type=\"section\" data-settings=\"{&quot;stretch_section&quot;:&quot;section-stretched&quot;,&quot;background_background&quot;:&quot;classic&quot;}\">\n\t\t\t\t\t\t<div class=\"elementor-container elementor-column-gap-default\">\n\t\t\t\t\t<div class=\"elementor-column elementor-col-100 elementor-top-column elementor-element elementor-element-b9d85e5\" data-id=\"b9d85e5\" data-element_type=\"column\">\n\t\t\t<div class=\"elementor-widget-wrap elementor-element-populated\">\n\t\t\t\t\t\t<div class=\"elementor-element elementor-element-64f5b73 elementor-widget elementor-widget-heading\" data-id=\"64f5b73\" data-element_type=\"widget\" data-widget_type=\"heading.default\">\n\t\t\t\t\t<h2 class=\"elementor-heading-title elementor-size-default\">Our Mission<\/h2>\t\t\t\t<\/div>\n\t\t\t\t<div class=\"elementor-element elementor-element-f827514 elementor-widget-divider--view-line elementor-widget elementor-widget-divider\" data-id=\"f827514\" data-element_type=\"widget\" data-widget_type=\"divider.default\">\n\t\t\t\t\t\t\t<div class=\"elementor-divider\">\n\t\t\t<span class=\"elementor-divider-separator\">\n\t\t\t\t\t\t<\/span>\n\t\t<\/div>\n\t\t\t\t\t\t<\/div>\n\t\t\t\t<div class=\"elementor-element elementor-element-1cd12dd elementor-widget elementor-widget-text-editor\" data-id=\"1cd12dd\" data-element_type=\"widget\" data-widget_type=\"text-editor.default\">\n\t\t\t\t\t\t\t\t\t<p data-path-to-node=\"4\">As <b data-path-to-node=\"4\" data-index-in-node=\"3\">Ulucan Plastik ve Plastik Ambalaj San. Tic. Ltd. \u015eti.<\/b>, our mission is:<\/p><ul data-path-to-node=\"5\"><li><p data-path-to-node=\"5,0,0\"><b data-path-to-node=\"5,0,0\" data-index-in-node=\"0\">Sustainable Production:<\/b> To leave a cleaner world for future generations by reintroducing waste into the economy through our 1,500 m\u00b2 recycling facility.<\/p><\/li><li><p data-path-to-node=\"5,1,0\"><b data-path-to-node=\"5,1,0\" data-index-in-node=\"0\">Quality and Trust:<\/b> To provide the most durable packaging solutions without compromising international quality standards in our 4,500 m\u00b2 indoor production area in Adana.<\/p><\/li><li><p data-path-to-node=\"5,2,0\"><b data-path-to-node=\"5,2,0\" data-index-in-node=\"0\">Customer Satisfaction:<\/b> To produce fast and economical solutions for our business partners across every corner of T\u00fcrkiye with our monthly production capacity of 300 tons and an extensive shipping network.<\/p><\/li><li><p data-path-to-node=\"5,3,0\"><b data-path-to-node=\"5,3,0\" data-index-in-node=\"0\">Sectoral Leadership:<\/b> To continue being the symbol of trust in the plastic packaging industry by combining our over 30 years of sectoral experience with technological investments.<\/p><\/li><\/ul>\t\t\t\t\t\t\t\t<\/div>\n\t\t\t\t<div class=\"elementor-element elementor-element-34e4863 elementor-widget elementor-widget-heading\" data-id=\"34e4863\" data-element_type=\"widget\" data-widget_type=\"heading.default\">\n\t\t\t\t\t<h2 class=\"elementor-heading-title elementor-size-default\">Our Vision<\/h2>\t\t\t\t<\/div>\n\t\t\t\t<div class=\"elementor-element elementor-element-ebeb3f7 elementor-widget-divider--view-line elementor-widget elementor-widget-divider\" data-id=\"ebeb3f7\" data-element_type=\"widget\" data-widget_type=\"divider.default\">\n\t\t\t\t\t\t\t<div class=\"elementor-divider\">\n\t\t\t<span class=\"elementor-divider-separator\">\n\t\t\t\t\t\t<\/span>\n\t\t<\/div>\n\t\t\t\t\t\t<\/div>\n\t\t\t\t<div class=\"elementor-element elementor-element-14fce55 elementor-widget elementor-widget-text-editor\" data-id=\"14fce55\" data-element_type=\"widget\" data-widget_type=\"text-editor.default\">\n\t\t\t\t\t\t\t\t\t<p data-path-to-node=\"8\">Our vision in the plastic packaging industry is:<\/p><ul data-path-to-node=\"9\"><li><p data-path-to-node=\"9,0,0\"><b data-path-to-node=\"9,0,0\" data-index-in-node=\"0\">Global Standards:<\/b> To become T\u00fcrkiye&#8217;s most modern and preferred packaging facility by combining our production power originating from Adana with innovative R&amp;D studies.<\/p><\/li><li><p data-path-to-node=\"9,1,0\"><b data-path-to-node=\"9,1,0\" data-index-in-node=\"0\">Zero Waste Goal:<\/b> To lead a &#8220;Zero Waste&#8221; focused production model that minimizes environmental impact in plastic manufacturing by constantly improving our recycling technologies.<\/p><\/li><li><p data-path-to-node=\"9,2,0\"><b data-path-to-node=\"9,2,0\" data-index-in-node=\"0\">Technological Transformation:<\/b> To increase efficiency by digitalizing our production line day by day and to become a brand that sets global trends in the packaging world.<\/p><\/li><li><p data-path-to-node=\"9,3,0\"><b data-path-to-node=\"9,3,0\" data-index-in-node=\"0\">National Power:<\/b> To further strengthen our service network reaching 81 cities in T\u00fcrkiye and to make the power of domestic production felt at every point.<\/p><\/li><\/ul>\t\t\t\t\t\t\t\t<\/div>\n\t\t\t\t\t<\/div>\n\t\t<\/div>\n\t\t\t\t\t<\/div>\n\t\t<\/section>\n\t\t\t\t<\/div>\n\t\t","protected":false},"excerpt":{"rendered":"<p>Mission \/ Vision Ana Sayfa Our Mission As Ulucan Plastik ve Plastik Ambalaj San. Tic. Ltd. \u015eti., our mission is: Sustainable Production: To leave a cleaner world for future generations by reintroducing waste into the economy through our 1,500 m\u00b2 recycling facility. Quality and Trust: To provide the most durable packaging solutions without compromising international&#8230;<\/p>\n","protected":false},"author":1,"featured_media":0,"parent":0,"menu_order":0,"comment_status":"closed","ping_status":"closed","template":"","meta":{"footnotes":""},"class_list":["post-22681","page","type-page","status-publish","hentry"],"yoast_head":"<!-- This site is optimized with the Yoast SEO Premium plugin v26.6 (Yoast SEO v26.6) - https:\/\/yoast.com\/wordpress\/plugins\/seo\/ -->\n<title>Mission-Vision - Ulucan Plastik Ambalaj | Toptan Plastik Po\u015fet ve \u00c7\u00f6p Torbas\u0131 \u00dcretimi<\/title>\n<meta name=\"robots\" content=\"index, follow, max-snippet:-1, max-image-preview:large, max-video-preview:-1\" \/>\n<link rel=\"canonical\" href=\"https:\/\/www.ulucanplastik.com.tr\/en\/mission-vision\/\" \/>\n<meta property=\"og:locale\" content=\"en_US\" \/>\n<meta property=\"og:type\" content=\"article\" \/>\n<meta property=\"og:title\" content=\"Mission-Vision\" \/>\n<meta property=\"og:description\" content=\"Mission \/ Vision Ana Sayfa Our Mission As Ulucan Plastik ve Plastik Ambalaj San. Tic. Ltd. \u015eti., our mission is: Sustainable Production: To leave a cleaner world for future generations by reintroducing waste into the economy through our 1,500 m\u00b2 recycling facility. Quality and Trust: To provide the most durable packaging solutions without compromising international...\" \/>\n<meta property=\"og:url\" content=\"https:\/\/www.ulucanplastik.com.tr\/en\/mission-vision\/\" \/>\n<meta property=\"og:site_name\" content=\"Ulucan Plastik Ambalaj | Toptan Plastik Po\u015fet ve \u00c7\u00f6p Torbas\u0131 \u00dcretimi\" \/>\n<meta property=\"article:modified_time\" content=\"2026-03-03T20:06:45+00:00\" \/>\n<meta name=\"twitter:card\" content=\"summary_large_image\" \/>\n<meta name=\"twitter:label1\" content=\"Est. reading time\" \/>\n\t<meta name=\"twitter:data1\" content=\"1 minute\" \/>\n<script type=\"application\/ld+json\" class=\"yoast-schema-graph\">{\"@context\":\"https:\/\/schema.org\",\"@graph\":[{\"@type\":\"WebPage\",\"@id\":\"https:\/\/www.ulucanplastik.com.tr\/en\/mission-vision\/\",\"url\":\"https:\/\/www.ulucanplastik.com.tr\/en\/mission-vision\/\",\"name\":\"Mission-Vision - Ulucan Plastik Ambalaj | Toptan Plastik Po\u015fet ve \u00c7\u00f6p Torbas\u0131 \u00dcretimi\",\"isPartOf\":{\"@id\":\"http:\/\/www.ulucanplastik.com.tr\/en\/#website\"},\"datePublished\":\"2026-01-16T13:06:31+00:00\",\"dateModified\":\"2026-03-03T20:06:45+00:00\",\"breadcrumb\":{\"@id\":\"https:\/\/www.ulucanplastik.com.tr\/en\/mission-vision\/#breadcrumb\"},\"inLanguage\":\"en-US\",\"potentialAction\":[{\"@type\":\"ReadAction\",\"target\":[\"https:\/\/www.ulucanplastik.com.tr\/en\/mission-vision\/\"]}]},{\"@type\":\"BreadcrumbList\",\"@id\":\"https:\/\/www.ulucanplastik.com.tr\/en\/mission-vision\/#breadcrumb\",\"itemListElement\":[{\"@type\":\"ListItem\",\"position\":1,\"name\":\"Home\",\"item\":\"https:\/\/www.ulucanplastik.com.tr\/en\/\"},{\"@type\":\"ListItem\",\"position\":2,\"name\":\"Mission-Vision\"}]},{\"@type\":\"WebSite\",\"@id\":\"http:\/\/www.ulucanplastik.com.tr\/en\/#website\",\"url\":\"http:\/\/www.ulucanplastik.com.tr\/en\/\",\"name\":\"Ulucan Plastik Ambalaj | Toptan Plastik Po\u015fet ve \u00c7\u00f6p Torbas\u0131 \u00dcretimi\",\"description\":\"\",\"potentialAction\":[{\"@type\":\"SearchAction\",\"target\":{\"@type\":\"EntryPoint\",\"urlTemplate\":\"http:\/\/www.ulucanplastik.com.tr\/en\/?s={search_term_string}\"},\"query-input\":{\"@type\":\"PropertyValueSpecification\",\"valueRequired\":true,\"valueName\":\"search_term_string\"}}],\"inLanguage\":\"en-US\"}]}<\/script>\n<!-- \/ Yoast SEO Premium plugin. -->","yoast_head_json":{"title":"Mission-Vision - Ulucan Plastik Ambalaj | Toptan Plastik Po\u015fet ve \u00c7\u00f6p Torbas\u0131 \u00dcretimi","robots":{"index":"index","follow":"follow","max-snippet":"max-snippet:-1","max-image-preview":"max-image-preview:large","max-video-preview":"max-video-preview:-1"},"canonical":"https:\/\/www.ulucanplastik.com.tr\/en\/mission-vision\/","og_locale":"en_US","og_type":"article","og_title":"Mission-Vision","og_description":"Mission \/ Vision Ana Sayfa Our Mission As Ulucan Plastik ve Plastik Ambalaj San. Tic. Ltd. \u015eti., our mission is: Sustainable Production: To leave a cleaner world for future generations by reintroducing waste into the economy through our 1,500 m\u00b2 recycling facility. Quality and Trust: To provide the most durable packaging solutions without compromising international...","og_url":"https:\/\/www.ulucanplastik.com.tr\/en\/mission-vision\/","og_site_name":"Ulucan Plastik Ambalaj | Toptan Plastik Po\u015fet ve \u00c7\u00f6p Torbas\u0131 \u00dcretimi","article_modified_time":"2026-03-03T20:06:45+00:00","twitter_card":"summary_large_image","twitter_misc":{"Est. reading time":"1 minute"},"schema":{"@context":"https:\/\/schema.org","@graph":[{"@type":"WebPage","@id":"https:\/\/www.ulucanplastik.com.tr\/en\/mission-vision\/","url":"https:\/\/www.ulucanplastik.com.tr\/en\/mission-vision\/","name":"Mission-Vision - Ulucan Plastik Ambalaj | Toptan Plastik Po\u015fet ve \u00c7\u00f6p Torbas\u0131 \u00dcretimi","isPartOf":{"@id":"http:\/\/www.ulucanplastik.com.tr\/en\/#website"},"datePublished":"2026-01-16T13:06:31+00:00","dateModified":"2026-03-03T20:06:45+00:00","breadcrumb":{"@id":"https:\/\/www.ulucanplastik.com.tr\/en\/mission-vision\/#breadcrumb"},"inLanguage":"en-US","potentialAction":[{"@type":"ReadAction","target":["https:\/\/www.ulucanplastik.com.tr\/en\/mission-vision\/"]}]},{"@type":"BreadcrumbList","@id":"https:\/\/www.ulucanplastik.com.tr\/en\/mission-vision\/#breadcrumb","itemListElement":[{"@type":"ListItem","position":1,"name":"Home","item":"https:\/\/www.ulucanplastik.com.tr\/en\/"},{"@type":"ListItem","position":2,"name":"Mission-Vision"}]},{"@type":"WebSite","@id":"http:\/\/www.ulucanplastik.com.tr\/en\/#website","url":"http:\/\/www.ulucanplastik.com.tr\/en\/","name":"Ulucan Plastik Ambalaj | Toptan Plastik Po\u015fet ve \u00c7\u00f6p Torbas\u0131 \u00dcretimi","description":"","potentialAction":[{"@type":"SearchAction","target":{"@type":"EntryPoint","urlTemplate":"http:\/\/www.ulucanplastik.com.tr\/en\/?s={search_term_string}"},"query-input":{"@type":"PropertyValueSpecification","valueRequired":true,"valueName":"search_term_string"}}],"inLanguage":"en-US"}]}},"_links":{"self":[{"href":"https:\/\/www.ulucanplastik.com.tr\/en\/wp-json\/wp\/v2\/pages\/22681","targetHints":{"allow":["GET"]}}],"collection":[{"href":"https:\/\/www.ulucanplastik.com.tr\/en\/wp-json\/wp\/v2\/pages"}],"about":[{"href":"https:\/\/www.ulucanplastik.com.tr\/en\/wp-json\/wp\/v2\/types\/page"}],"author":[{"embeddable":true,"href":"https:\/\/www.ulucanplastik.com.tr\/en\/wp-json\/wp\/v2\/users\/1"}],"replies":[{"embeddable":true,"href":"https:\/\/www.ulucanplastik.com.tr\/en\/wp-json\/wp\/v2\/comments?post=22681"}],"version-history":[{"count":13,"href":"https:\/\/www.ulucanplastik.com.tr\/en\/wp-json\/wp\/v2\/pages\/22681\/revisions"}],"predecessor-version":[{"id":22695,"href":"https:\/\/www.ulucanplastik.com.tr\/en\/wp-json\/wp\/v2\/pages\/22681\/revisions\/22695"}],"wp:attachment":[{"href":"https:\/\/www.ulucanplastik.com.tr\/en\/wp-json\/wp\/v2\/media?parent=22681"}],"curies":[{"name":"wp","href":"https:\/\/api.w.org\/{rel}","templated":true}]}}